{"id":823,"date":"2013-08-06T11:13:18","date_gmt":"2013-08-06T15:13:18","guid":{"rendered":"https:\/\/georgiacc.org\/bienvenido-a-la-pagina-oficial-de-la-conferencia-catolica-de-georgia\/"},"modified":"2026-03-03T15:11:52","modified_gmt":"2026-03-03T20:11:52","slug":"bienvenido-a-la-pagina-oficial-de-la-conferencia-catolica-de-georgia","status":"publish","type":"page","link":"https:\/\/georgiacc.org\/es\/","title":{"rendered":"Bienvenidos a la Conferencia Cat\u00f3lica de Georgia"},"content":{"rendered":"<div class=\"gb-container gb-container-11d125d1\">\n\n<h1 class=\"wp-block-heading has-text-align-center\">Bienvenidos a la Conferencia Cat\u00f3lica de Georgia<\/h1>\n\n\n\n<h5 class=\"wp-block-heading has-text-align-center\"><strong><em><span class=\"HwtZe\" lang=\"es\"><span class=\"jCAhz ChMk0b\"><span class=\"ryNqvb\">Formando ciudadanos fieles \u00b7 Moviliz\u00e1ndonos para la acci\u00f3n prof\u00e9tica<\/span><\/span><\/span><\/em><\/strong><\/h5>\n\n<\/div><div class=\"gb-container gb-container-b96f72d2\">\n\n<p class=\"wp-block-paragraph\">La Conferencia Cat\u00f3lica de Georgia da testimonio de los valores espirituales en asuntos p\u00fablicos y proporciona una agencia para el servicio cat\u00f3lico corporativo de la comunidad de todo el estado. Bajo la direcci\u00f3n de los obispos cat\u00f3licos de Georgia, la Conferencia promueve posturas de pol\u00edtica p\u00fablica relacionadas con la legislaci\u00f3n, las pol\u00edticas y los programas gubernamentales de Georgia, los cuales afectan el bien com\u00fan y el inter\u00e9s de la Iglesia Cat\u00f3lica.<\/p>\n\n\n<div class=\"gb-container gb-container-07564d45\">\n<div class=\"gb-container gb-container-f9f9e9fc\">\n\n<h4 class=\"gb-headline gb-headline-6e27cd94 gb-headline-text\"><span class=\"HwtZe\" lang=\"es\"><span class=\"jCAhz ChMk0b\"><span class=\"ryNqvb\">L\u00edderes religiosos de Georgia instan a la desescalada<\/span><\/span><\/span><\/h4>\n\n<\/div>\n\n\n<p class=\"has-text-align-left wp-block-paragraph\"><span class=\"HwtZe\" lang=\"es\"><span class=\"jCAhz ChMk0b\"><span class=\"ryNqvb\"><em>The Georgia Bulletin<\/em> &#8211; Los obispos de Georgia se unieron a los l\u00edderes religiosos de la iniciativa First Five Freedoms para firmar una carta instando a un compromiso renovado con la paz en medio de las tensiones en Minneapolis y en todo el pa\u00eds.<\/span><\/span><\/span><\/p>\n\n\n\n<a class=\"gb-button gb-button-3d4e6f64 gb-button-text\" href=\"https:\/\/georgiabulletin.org\/es\/news\/2026\/02\/lideres-religiosos-de-georgia-instan-a-desescalada-y-renovacion-de-compromiso-con-la-paz\/\" target=\"_blank\" rel=\"noopener noreferrer\">Lea m\u00e1s<\/a>\n\n<\/div>\n\n\n<div style=\"height:26px\" aria-hidden=\"true\" class=\"wp-block-spacer\"><\/div>\n\n<\/div><div class=\"gb-container gb-container-5389166b\">\n<div class=\"gb-grid-wrapper gb-grid-wrapper-a0a443c2\">\n<div class=\"gb-grid-column gb-grid-column-4e825564\"><div class=\"gb-container gb-container-4e825564\">\n\n<a class=\"gb-button gb-button-ed26bbd7 gb-button-text\" href=\"https:\/\/www.legis.ga.gov\/find-my-legislator\" target=\"_blank\" rel=\"noopener noreferrer\">Encuentre a su legislador<\/a>\n\n<\/div><\/div>\n\n<div class=\"gb-grid-column gb-grid-column-d08836b4\"><div class=\"gb-container gb-container-d08836b4\">\n\n<a class=\"gb-button gb-button-93bac91b gb-button-text\" href=\"https:\/\/www.legis.ga.gov\/legislation\/all\" target=\"_blank\" rel=\"noopener noreferrer\">Legislaci\u00f3n de Georgia<\/a>\n\n<\/div><\/div>\n\n<div class=\"gb-grid-column gb-grid-column-5c2000c5\"><div class=\"gb-container gb-container-5c2000c5\">\n\n<a class=\"gb-button gb-button-19335587 gb-button-text\" href=\"https:\/\/mvp.sos.ga.gov\/s\/\" target=\"_blank\" rel=\"noopener noreferrer\">Mi p\u00e1gina de votante<\/a>\n\n<\/div><\/div>\n<\/div>\n<\/div>\n<p class=\"wp-block-paragraph\"><\/p>\n","protected":false},"excerpt":{"rendered":"<p>Bienvenidos a la Conferencia Cat\u00f3lica de Georgia Formando ciudadanos fieles \u00b7 Moviliz\u00e1ndonos para la acci\u00f3n prof\u00e9tica La Conferencia Cat\u00f3lica de Georgia da testimonio de los valores espirituales en asuntos p\u00fablicos y proporciona una agencia para el servicio cat\u00f3lico corporativo de la comunidad de todo el estado. Bajo la direcci\u00f3n de los obispos cat\u00f3licos de Georgia, &#8230; <a title=\"Bienvenidos a la Conferencia Cat\u00f3lica de Georgia\" class=\"read-more\" href=\"https:\/\/georgiacc.org\/es\/\" aria-label=\"Leer m\u00e1s sobre Bienvenidos a la Conferencia Cat\u00f3lica de Georgia\">Leer m\u00e1s<\/a><\/p>\n","protected":false},"author":4,"featured_media":9543,"parent":0,"menu_order":18,"comment_status":"closed","ping_status":"closed","template":"","meta":{"_acf_changed":false,"_crdt_document":"","iawp_total_views":26,"footnotes":""},"class_list":["post-823","page","type-page","status-publish","has-post-thumbnail"],"acf":[],"publishpress_future_workflow_manual_trigger":{"enabledWorkflows":[]},"_links":{"self":[{"href":"https:\/\/georgiacc.org\/es\/wp-json\/wp\/v2\/pages\/823","targetHints":{"allow":["GET"]}}],"collection":[{"href":"https:\/\/georgiacc.org\/es\/wp-json\/wp\/v2\/pages"}],"about":[{"href":"https:\/\/georgiacc.org\/es\/wp-json\/wp\/v2\/types\/page"}],"author":[{"embeddable":true,"href":"https:\/\/georgiacc.org\/es\/wp-json\/wp\/v2\/users\/4"}],"replies":[{"embeddable":true,"href":"https:\/\/georgiacc.org\/es\/wp-json\/wp\/v2\/comments?post=823"}],"version-history":[{"count":2,"href":"https:\/\/georgiacc.org\/es\/wp-json\/wp\/v2\/pages\/823\/revisions"}],"predecessor-version":[{"id":9695,"href":"https:\/\/georgiacc.org\/es\/wp-json\/wp\/v2\/pages\/823\/revisions\/9695"}],"wp:featuredmedia":[{"embeddable":true,"href":"https:\/\/georgiacc.org\/es\/wp-json\/wp\/v2\/media\/9543"}],"wp:attachment":[{"href":"https:\/\/georgiacc.org\/es\/wp-json\/wp\/v2\/media?parent=823"}],"curies":[{"name":"wp","href":"https:\/\/api.w.org\/{rel}","templated":true}]}}