{"id":828,"date":"2013-08-06T11:42:47","date_gmt":"2013-08-06T15:42:47","guid":{"rendered":"https:\/\/georgiacc.org\/acerca-de-nosotros\/"},"modified":"2026-03-03T17:26:56","modified_gmt":"2026-03-03T22:26:56","slug":"acerca-de-nosotros","status":"publish","type":"page","link":"https:\/\/georgiacc.org\/es\/acerca-de-nosotros\/","title":{"rendered":"Sobre nosotros"},"content":{"rendered":"\n<h3 class=\"wp-block-heading\">QU\u00c9 ES LA CONFERENCIA CAT\u00d3LICA DE GEORGIA<\/h3>\n\n<p class=\"wp-block-paragraph\">La Conferencia Cat\u00f3lica de Georgia (GCC por sus siglas en ingl\u00e9s) est\u00e1 bajo la direcci\u00f3n de los obispos cat\u00f3licos de Georgia. Las actividades de la conferencia est\u00e1n basadas en las ense\u00f1anzas cat\u00f3licas, particularmente en la doctrina social cat\u00f3lica; y en la protecci\u00f3n del car\u00e1cter cat\u00f3lico de los ministerios y las instituciones de la Iglesia. El director ejecutivo y otros representantes est\u00e1n disponibles a lo largo del a\u00f1o para lograr la misi\u00f3n de la conferencia y est\u00e1n en contacto permanente con los legisladores estatales durante las sesiones anuales de la Asamblea General de Georgia.<\/p>\n\n<h3 class=\"wp-block-heading\">MISI\u00d3N DE LA CONFERENCIA CAT\u00d3LICA DE GEORGIA<\/h3>\n\n<p class=\"wp-block-paragraph\">La Conferencia Cat\u00f3lica de Georgia vela por los valores espirituales en los asuntos p\u00fablicos y proporciona una agencia de servicio cat\u00f3lico corporativo para la comunidad a nivel estatal. Bajo la direcci\u00f3n de los obispos cat\u00f3licos de Georgia, la conferencia promueve las pol\u00edticas p\u00fablicas relacionadas con los programas gubernamentales y legislativos de Georgia; y con las pol\u00edticas que afectan el bien com\u00fan y el inter\u00e9s de la Iglesia Cat\u00f3lica.<\/p>\n\n<p class=\"wp-block-paragraph\">La Conferencia Cat\u00f3lica de Georgia motiva a todas las personas de Georgia a concientizarse acerca de la dimensi\u00f3n moral de la pol\u00edtica p\u00fablica y a ejercer sus derechos constitucionales de participar en el proceso pol\u00edtico. La conferencia patrocina peri\u00f3dicamente conferencias con estos fines.<\/p>\n\n<p class=\"wp-block-paragraph\">La conferencia adopta pol\u00edticas sobre bases no partidistas, no participa en campa\u00f1as pol\u00edticas ni apoya a ning\u00fan candidato o partido pol\u00edtico.<\/p>\n\n<h3 class=\"wp-block-heading\">HISTORIA DE LA CONFERENCIA CAT\u00d3LICA DE GEORGIA<\/h3>\n\n<p class=\"wp-block-paragraph\">El Arzobispo Thomas A. Donnellan de Atlanta y el Obispo Gerald L. Frey de Savannah establecieron la Conferencia Cat\u00f3lica de Georgia en 1972 con el nombramiento del Rev. Michael A. (Tony) Morris como secretario ejecutivo.<\/p>\n\n<p class=\"wp-block-paragraph\">Inmediatamente antes de la sesi\u00f3n legislativa de 1975, el Arzobispo Donnellan y el Obispo Raymond W. Lessard de Savannah nombraron al Sr. Cheatham A. Hodges, Jr. como secretario ejecutivo (esta posici\u00f3n despu\u00e9s cambi\u00f3 a director ejecutivo) de la conferencia. El Sr. Hodges ocup\u00f3 ese cargo hasta su retiro en junio de 2002.<\/p>\n\n<p class=\"wp-block-paragraph\">En 1999, Francis J. Mulcahy, se asoci\u00f3 con el Sr. Hodges en representaci\u00f3n de la conferencia y a partir del retiro del Sr. Hodges\u2019 en el 2002, tom\u00f3 la responsabilidad total de las actividades de \u00e9sta.<\/p>\n\n<p class=\"wp-block-paragraph\">El Sr. Mulcahy se jubil\u00f3 en 2025. M\u00e1s tarde ese a\u00f1o, Jayna Hoffacker fue nombrada Directora Ejecutiva por el Arzobispo Gregory Hartmayer, OFM Conv. de Atlanta y el Obispo Stephen Parkes de Savannah.<\/p>\n\n<h3 class=\"wp-block-heading\">LA IGLESIA CAT\u00d3LICA EN GEORGIA<\/h3>\n\n<p class=\"wp-block-paragraph\">La Iglesia Cat\u00f3lica en Georgia est\u00e1 compuesta por la Arquidi\u00f3cesis de Atlanta y la Di\u00f3cesis de Savannah.<\/p>\n\n<p class=\"wp-block-paragraph\">ESTAD\u00cdSTICAS (<strong>2025<\/strong>):<\/p>\n\n<figure class=\"wp-block-table\"><table><tbody><tr><td>\u00a0<\/td><td><strong>Arquidi\u00f3cesis de Atlanta<\/strong><\/td><td><strong>Di\u00f3cesis de Savannah<\/strong><\/td><\/tr><tr><td>Poblaci\u00f3n total:<\/td><td><strong>7,796,330<\/strong><\/td><td><strong>3,000,000<\/strong><\/td><\/tr><tr><td>Poblaci\u00f3n cat\u00f3lica total:<\/td><td><strong>1,200,000<\/strong><\/td><td><strong>80,000<\/strong><\/td><\/tr><tr><td>Parroquias y misiones:<\/td><td><strong>103<\/strong><\/td><td><strong>77<\/strong><\/td><\/tr><tr><td>Sacerdotes:<\/td><td><strong>285<\/strong><\/td><td><strong>98<\/strong><\/td><\/tr><tr><td>Di\u00e1conos:<\/td><td><strong>306<\/strong><\/td><td><strong>112<\/strong><\/td><\/tr><tr><td>Hermanas religiosas:<\/td><td><strong>99<\/strong><\/td><td><strong>52<\/strong><\/td><\/tr><tr><td>Hermanos religiosos:<\/td><td><strong>22<\/strong><\/td><td><strong>3<\/strong><\/td><\/tr><tr><td>Seminaristas:<\/td><td><strong>43<\/strong><\/td><td><strong>15<\/strong><\/td><\/tr><tr><td>Escuelas cat\u00f3licas:<\/td><td><strong>27<\/strong><\/td><td><strong>19<\/strong><\/td><\/tr><tr><td>Hospitales:<\/td><td><strong>4<\/strong><\/td><td><strong>1<\/strong><\/td><\/tr><tr><td>Residencias de ancianos:<\/td><td><strong>6<\/strong><\/td><td><strong>0<\/strong><\/td><\/tr><tr><td>\u00a0<\/td><td><a href=\"https:\/\/www.diosav.org\/offices\/catholic-charities\" target=\"_blank\" rel=\"noopener noreferrer\">Caridades Cat\u00f3licas de Atlanta<\/a><\/td><td><strong><a href=\"https:\/\/ccsoga.org\/\" target=\"_blank\" rel=\"noopener\">Caridades Cat\u00f3licas del Sur de Georgia<\/a><\/strong><\/td><\/tr><\/tbody><\/table><\/figure>\n\n<p class=\"wp-block-paragraph\"><\/p>\n","protected":false},"excerpt":{"rendered":"<p>QU\u00c9 ES LA CONFERENCIA CAT\u00d3LICA DE GEORGIA La Conferencia Cat\u00f3lica de Georgia (GCC por sus siglas en ingl\u00e9s) est\u00e1 bajo la direcci\u00f3n de los obispos cat\u00f3licos de Georgia. Las actividades de la conferencia est\u00e1n basadas en las ense\u00f1anzas cat\u00f3licas, particularmente en la doctrina social cat\u00f3lica; y en la protecci\u00f3n del car\u00e1cter cat\u00f3lico de los ministerios &#8230; <a title=\"Sobre nosotros\" class=\"read-more\" href=\"https:\/\/georgiacc.org\/es\/acerca-de-nosotros\/\" aria-label=\"Leer m\u00e1s sobre Sobre nosotros\">Leer m\u00e1s<\/a><\/p>\n","protected":false},"author":4,"featured_media":0,"parent":0,"menu_order":2,"comment_status":"closed","ping_status":"closed","template":"","meta":{"_acf_changed":false,"_crdt_document":"","iawp_total_views":7,"footnotes":""},"class_list":["post-828","page","type-page","status-publish"],"acf":[],"publishpress_future_workflow_manual_trigger":{"enabledWorkflows":[]},"_links":{"self":[{"href":"https:\/\/georgiacc.org\/es\/wp-json\/wp\/v2\/pages\/828","targetHints":{"allow":["GET"]}}],"collection":[{"href":"https:\/\/georgiacc.org\/es\/wp-json\/wp\/v2\/pages"}],"about":[{"href":"https:\/\/georgiacc.org\/es\/wp-json\/wp\/v2\/types\/page"}],"author":[{"embeddable":true,"href":"https:\/\/georgiacc.org\/es\/wp-json\/wp\/v2\/users\/4"}],"replies":[{"embeddable":true,"href":"https:\/\/georgiacc.org\/es\/wp-json\/wp\/v2\/comments?post=828"}],"version-history":[{"count":5,"href":"https:\/\/georgiacc.org\/es\/wp-json\/wp\/v2\/pages\/828\/revisions"}],"predecessor-version":[{"id":9710,"href":"https:\/\/georgiacc.org\/es\/wp-json\/wp\/v2\/pages\/828\/revisions\/9710"}],"wp:attachment":[{"href":"https:\/\/georgiacc.org\/es\/wp-json\/wp\/v2\/media?parent=828"}],"curies":[{"name":"wp","href":"https:\/\/api.w.org\/{rel}","templated":true}]}}