{"id":9667,"date":"2026-03-03T13:41:30","date_gmt":"2026-03-03T18:41:30","guid":{"rendered":"https:\/\/georgiacc.org\/legislacion-de-georgia\/action-alerts\/"},"modified":"2026-03-31T13:37:15","modified_gmt":"2026-03-31T17:37:15","slug":"action-alerts","status":"publish","type":"page","link":"https:\/\/georgiacc.org\/es\/legislacion-de-georgia\/action-alerts\/","title":{"rendered":"Alertas de acci\u00f3n"},"content":{"rendered":"<div class=\"gb-container gb-container-c2ec75aa\">\n\n<h4 class=\"gb-headline gb-headline-5322a554 gb-headline-text\"><span class=\"HwtZe\" lang=\"es\"><span class=\"jCAhz ChMk0b\"><span class=\"ryNqvb\">Educaci\u00f3n sobre seguridad de armas<\/span><\/span><\/span><\/h4>\n\n<\/div>\n<p class=\"wp-block-paragraph\">Esta propuesta solicita una asignaci\u00f3n de $1 mill\u00f3n en el presupuesto del a\u00f1o fiscal 2027 para que el Departamento de Seguridad P\u00fablica de Georgia implemente una campa\u00f1a estatal de seguridad p\u00fablica que promueva el almacenamiento seguro de armas de fuego. Promover la adopci\u00f3n de pr\u00e1cticas seguras de manejo de armas de fuego entre los propietarios de armas de Georgia es una soluci\u00f3n basada en la investigaci\u00f3n para abordar las altas tasas de suicidios juveniles con armas de fuego, violencia y robo de armas de veh\u00edculos, que contribuyen a los crimenes violentos en Georgia.<\/p>\n\n<details class=\"wp-block-details\"><summary><div class=\"n4sEPd\">\r\n<div class=\"QFw9Te\">\r\n<div class=\"NQSJo\"><strong>Act\u00fae<\/strong><\/div><br><\/div><br><div class=\"DVHrxd\"><\/div><br><div class=\"UdTY9 BwTYAc leDWne\" aria-hidden=\"true\" data-location=\"1\"><\/div><br><div class=\"FFpbKc\">\r\n<div class=\"xMmqsf\"><\/div><br><\/div><br><\/div><br><div class=\"QcsUad GeWPTc BmmI5d BDJ8fb sMVRZe hCXDsb wneUed\">\r\n<div class=\"usGWQd\">\r\n<div class=\"KkbLmb\">\r\n<div class=\"lRu31 is-layout-flow wp-block-details-is-layout-flow\" dir=\"ltr\"><\/div><br><\/div><br><\/div><br><\/div><\/summary>\n<p class=\"wp-block-paragraph\"><span class=\"jCAhz ChMk0b\"><span class=\"ryNqvb\">Contacte a los responsables de Asignaciones para solicitar un mill\u00f3n de d\u00f3lares en educaci\u00f3n sobre almacenamiento seguro de armas de fuego.<\/span><\/span><br\/><br\/><strong><span class=\"jCAhz ChMk0b\"><span class=\"ryNqvb\">Contactos:<\/span><\/span><\/strong><br\/>Rep. Matt Hatchett, presidente del Comit\u00e9 de Asignaciones de la C\u00e1mara de Representantes &#8211; 404-463-2247, <a href=\"mailto:matt.hatchett@house.ga.gov\">matt.hatchett@house.ga.gov<\/a><br\/>Rep. Bill Hitchens, presidente del Subcomit\u00e9 de Asignaciones de Seguridad P\u00fablica de la C\u00e1mara de Representantes &#8211; 404-656-5126, <a href=\"mailto:bill.hitchens@house.ga.gov\">bill.hitchens@house.ga.gov<\/a><br\/>Sen. Blake Tillery, presidente del Comit\u00e9 de Asignaciones del Senado -404-656-5038, <a href=\"mailto:blake.tillery@senate.ga.gov\">blake.tillery@senate.ga.gov<\/a><br\/>Sen. John Albers, Presidente del Subcomit\u00e9 de Asignaciones de Seguridad P\u00fablica del Senado &#8211; 404-463-8055, <a href=\"mailto:john.albers@senate.ga.gov\">john.albers@senate.ga.gov<\/a><br\/><br\/><strong>Ejemplo de mensaje:<\/strong><br\/><span class=\"jCAhz ChMk0b\"><span class=\"ryNqvb\">S\u00e9 que existen muchas prioridades a la hora de asignar el presupuesto estatal, pero tambi\u00e9n s\u00e9 que los georgianos coinciden en que la principal causa de muerte infantil en nuestro estado debe ser una de ellas.<\/span><\/span> <span class=\"jCAhz ChMk0b\"><span class=\"ryNqvb\">Asignar fondos a una campa\u00f1a de anuncios de servicio p\u00fablico que fomente el almacenamiento seguro de armas de fuego es una medida concreta que la legislatura puede tomar para combatir las lesiones y muertes por armas de fuego entre los j\u00f3venes.<\/span><\/span> <span class=\"jCAhz ChMk0b\"><span class=\"ryNqvb\">La educaci\u00f3n es un enfoque bipartidista que apoyan los georgianos de todos los or\u00edgenes.<\/span><\/span> <span class=\"jCAhz ChMk0b\"><span class=\"ryNqvb\">Actuemos juntos.<\/span><\/span> <span class=\"jCAhz ChMk0b\"><span class=\"ryNqvb\">Por favor, apoyen esta solicitud de financiaci\u00f3n durante sus audiencias presupuestarias.<\/span><\/span><\/p>\n<\/details>\n\n<hr class=\"wp-block-separator has-alpha-channel-opacity\"\/>\n<div class=\"gb-container gb-container-0d5f682b\">\n\n<h4 class=\"gb-headline gb-headline-43fb3dfb gb-headline-text\"><span class=\"HwtZe\" lang=\"es\"><span class=\"jCAhz ChMk0b\"><span class=\"ryNqvb\">Curr\u00edculo de seguridad con armas de fuego<\/span><\/span><\/span><\/h4>\n\n<\/div>\n<p class=\"wp-block-paragraph\">Varios senadores est\u00e1n trabajando en cambios al <a href=\"https:\/\/www.legis.ga.gov\/legislation\/72249\">SB 401<\/a> que estandarizar\u00edan el curr\u00edculo a trav\u00e9s de una colaboraci\u00f3n entre los Departamentos de Educaci\u00f3n, Seguridad P\u00fablica y Recursos Naturales e incluir\u00edan una disposici\u00f3n para distribuir materiales educativos sobre el almacenamiento seguro de armas de fuego a las familias a trav\u00e9s de las escuelas p\u00fablicas de Georgia.<\/p>\n\n<details class=\"wp-block-details\"><summary><div class=\"n4sEPd\">\r\n<div class=\"QFw9Te\">\r\n<div class=\"NQSJo\"><strong>Act\u00fae<\/strong><\/div><br><\/div><br><div class=\"DVHrxd\"><\/div><br><div class=\"UdTY9 BwTYAc leDWne\" aria-hidden=\"true\" data-location=\"1\"><\/div><br><div class=\"FFpbKc\">\r\n<div class=\"xMmqsf\"><\/div><br><\/div><br><\/div><br><div class=\"QcsUad GeWPTc BmmI5d BDJ8fb sMVRZe hCXDsb wneUed\">\r\n<div class=\"usGWQd\">\r\n<div class=\"KkbLmb\">\r\n<div class=\"lRu31 is-layout-flow wp-block-details-is-layout-flow\" dir=\"ltr\"><\/div><br><\/div><br><\/div><br><\/div><\/summary>\n<p class=\"wp-block-paragraph\">Comun\u00edquese con el patrocinador del proyecto de ley y los miembros del Comit\u00e9 de Educaci\u00f3n y Juventud del Senado para solicitar la distribuci\u00f3n de materiales educativos de almacenamiento seguro a las familias de los estudiantes de las escuelas p\u00fablicas de Georgia.<\/p>\n\n\n\n<p class=\"wp-block-paragraph\"><strong>Contactos:<\/strong><br\/>Sen. Rick Williams, Patrocinador del SB 401 &#8211; 404-656-0082, <a href=\"mailto:rick.williams@senate.ga.gov\">rick.williams@senate.ga.gov<\/a><br\/><br\/>Miembros del Comit\u00e9 de Educaci\u00f3n y Juventud del Senado<br\/><a href=\"mailto:billy.hickman@senate.ga.gov\">billy.hickman@senate.ga.gov<\/a>, <a href=\"mailto:chuck.payne@senate.ga.gov\">chuck.payne@senate.ga.gov<\/a>, <a href=\"mailto:freddie.sims@senate.ga.gov\">freddie.sims@senate.ga.gov<\/a>, <a href=\"mailto:tim.bearden@senate.ga.gov\">tim.bearden@senate.ga.gov<\/a>, <a href=\"mailto:sonya.halpern@senate.ga.gov\">sonya.halpern@senate.ga.gov<\/a>, <a href=\"mailto:donzella.james@senate.ga.gov\">donzella.james@senate.ga.gov<\/a>, <a href=\"mailto:rashaun.kemp@senate.ga.gov\">rashaun.kemp@senate.ga.gov<\/a>, <a href=\"mailto:elena.parent@senate.ga.gov\">elena.parent@senate.ga.gov<\/a>, <a href=\"mailto:shawn.still@senate.ga.gov\">shawn.still@senate.ga.gov<\/a>, <a href=\"mailto:clint.dixon@senate.ga.gov\">clint.dixon@senate.ga.gov<\/a>, <a href=\"mailto:greg.dolezal@senate.ga.gov\">greg.dolezal@senate.ga.gov<\/a>, <a href=\"mailto:bo.hatchett@senate.ga.gov\">bo.hatchett@senate.ga.gov<\/a>, <a href=\"mailto:ed.setzler@senate.ga.gov\">ed.setzler@senate.ga.gov<\/a><\/p>\n\n\n\n<p class=\"wp-block-paragraph\"><strong>Ejemplo de mensaje:<\/strong><br\/>Gracias por reconocer la necesidad de educaci\u00f3n sobre seguridad de armas de fuego en Georgia. Por favor, fortalezca el SB 401 estableciendo materiales estandarizados para la educaci\u00f3n sobre seguridad con armas de fuego desde preescolar hasta secundaria, dirigidos por el Departamento de Educaci\u00f3n, y garantizando que todas las familias de los estudiantes de primaria y secundaria de Georgia reciban materiales educativos sobre el almacenamiento seguro de armas de fuego.<\/p>\n<\/details>\n\n<p class=\"wp-block-paragraph\"><\/p>\n","protected":false},"excerpt":{"rendered":"<p>Educaci\u00f3n sobre seguridad de armas Esta propuesta solicita una asignaci\u00f3n de $1 mill\u00f3n en el presupuesto del a\u00f1o fiscal 2027 para que el Departamento de Seguridad P\u00fablica de Georgia implemente una campa\u00f1a estatal de seguridad p\u00fablica que promueva el almacenamiento seguro de armas de fuego. Promover la adopci\u00f3n de pr\u00e1cticas seguras de manejo de armas &#8230; <a title=\"Alertas de acci\u00f3n\" class=\"read-more\" href=\"https:\/\/georgiacc.org\/es\/legislacion-de-georgia\/action-alerts\/\" aria-label=\"Leer m\u00e1s sobre Alertas de acci\u00f3n\">Leer m\u00e1s<\/a><\/p>\n","protected":false},"author":8,"featured_media":0,"parent":9773,"menu_order":0,"comment_status":"closed","ping_status":"closed","template":"","meta":{"_acf_changed":false,"_crdt_document":"","iawp_total_views":6,"footnotes":""},"class_list":["post-9667","page","type-page","status-publish"],"acf":[],"publishpress_future_workflow_manual_trigger":{"enabledWorkflows":[]},"_links":{"self":[{"href":"https:\/\/georgiacc.org\/es\/wp-json\/wp\/v2\/pages\/9667","targetHints":{"allow":["GET"]}}],"collection":[{"href":"https:\/\/georgiacc.org\/es\/wp-json\/wp\/v2\/pages"}],"about":[{"href":"https:\/\/georgiacc.org\/es\/wp-json\/wp\/v2\/types\/page"}],"author":[{"embeddable":true,"href":"https:\/\/georgiacc.org\/es\/wp-json\/wp\/v2\/users\/8"}],"replies":[{"embeddable":true,"href":"https:\/\/georgiacc.org\/es\/wp-json\/wp\/v2\/comments?post=9667"}],"version-history":[{"count":5,"href":"https:\/\/georgiacc.org\/es\/wp-json\/wp\/v2\/pages\/9667\/revisions"}],"predecessor-version":[{"id":9780,"href":"https:\/\/georgiacc.org\/es\/wp-json\/wp\/v2\/pages\/9667\/revisions\/9780"}],"up":[{"embeddable":true,"href":"https:\/\/georgiacc.org\/es\/wp-json\/wp\/v2\/pages\/9773"}],"wp:attachment":[{"href":"https:\/\/georgiacc.org\/es\/wp-json\/wp\/v2\/media?parent=9667"}],"curies":[{"name":"wp","href":"https:\/\/api.w.org\/{rel}","templated":true}]}}