{"id":9737,"date":"2026-03-17T17:38:02","date_gmt":"2026-03-17T21:38:02","guid":{"rendered":"https:\/\/georgiacc.org\/acerca-de-nosotros\/doctrina-social-catolica\/"},"modified":"2026-03-18T11:44:29","modified_gmt":"2026-03-18T15:44:29","slug":"doctrina-social-catolica","status":"publish","type":"page","link":"https:\/\/georgiacc.org\/es\/doctrina-social-catolica\/","title":{"rendered":"Doctrina social cat\u00f3lica"},"content":{"rendered":"\n<p class=\"wp-block-paragraph\">La Conferencia Cat\u00f3lica de Georgia adopta posturas de pol\u00edtica p\u00fablica sobre acciones legislativas seleccionadas, bajo la direcci\u00f3n de los obispos cat\u00f3licos de Georgia.<\/p>\n\n<p class=\"wp-block-paragraph\">Las actividades de la Conferencia se fundamentan en las ense\u00f1anzas cat\u00f3licas \u2014particularmente en la doctrina social cat\u00f3lica\u2014 y en la protecci\u00f3n del car\u00e1cter cat\u00f3lico de los ministerios e instituciones de la Iglesia.<\/p>\n\n<p class=\"wp-block-paragraph\">La Directora Ejecutiva y otros representantes mantienen contacto diario con los legisladores estatales durante las sesiones anuales de la Asamblea General de Georgia, y est\u00e1n disponibles durante todo el a\u00f1o para cumplir la misi\u00f3n de la Conferencia.<\/p>\n\n<p class=\"wp-block-paragraph\">La Conferencia Cat\u00f3lica de Georgia apoya a la Oficina de Enlace Gubernamental de la Conferencia de Obispos Cat\u00f3licos de los Estados Unidos en la comunicaci\u00f3n con funcionarios federales sobre asuntos que afectan a la Iglesia.<\/p>\n\n<p class=\"wp-block-paragraph\">A la luz del mensaje evang\u00e9lico de Jesucristo, la Conferencia Cat\u00f3lica de Georgia aborda un amplio espectro de temas.<\/p>\n\n<ul class=\"wp-block-list\">\n<li>Respeto y protecci\u00f3n para toda vida humana<\/li>\n\n\n\n<li>Servicios de salud<\/li>\n\n\n\n<li>Religious Liberty<\/li>\n\n\n\n<li>Preocupaci\u00f3n y respeto por los pobres y los indefensos<\/li>\n\n\n\n<li>Ni\u00f1os<\/li>\n\n\n\n<li>Educaci\u00f3n<\/li>\n\n\n\n<li>Vida familiar<\/li>\n\n\n\n<li>Justicia econ\u00f3mica<\/li>\n\n\n\n<li>Vida rural<\/li>\n\n\n\n<li>Justicia ambiental<\/li>\n<\/ul>\n\n<h4 class=\"wp-block-heading\">Temas de la Doctrina Social de la Iglesia<\/h4>\n\n<p class=\"wp-block-paragraph\">La ense\u00f1anza social de la Iglesia constituye un rico tesoro de sabidur\u00eda acerca de la construcci\u00f3n de una sociedad justa y del vivir una vida de santidad en medio de los desaf\u00edos de la sociedad moderna. La ense\u00f1anza social cat\u00f3lica moderna se ha articulado a trav\u00e9s de una tradici\u00f3n de documentos papales, conciliares y episcopales. La profundidad y la riqueza de esta tradici\u00f3n se comprenden mejor mediante la lectura directa de dichos documentos. En estas breves reflexiones, destacamos varios de los temas clave que se hallan en el coraz\u00f3n de nuestra tradici\u00f3n social cat\u00f3lica.<\/p>\n\n<details class=\"wp-block-details is-layout-flow wp-block-details-is-layout-flow\"><summary><strong>Vida y dignidad del ser humano<\/strong><\/summary>\n<p class=\"wp-block-paragraph\">La Iglesia Cat\u00f3lica proclama que la vida humana es sagrada y que la dignidad de la persona humana es el fundamento de una visi\u00f3n moral para la sociedad. Esta creencia constituye la base de todos los principios de nuestra ense\u00f1anza social. En nuestra sociedad, la vida humana se encuentra bajo un ataque directo por parte del aborto y la eutanasia. El valor de la vida humana se ve amenazado por la clonaci\u00f3n, la investigaci\u00f3n con c\u00e9lulas madre embrionarias y el uso de la pena de muerte. El ataque intencionado contra civiles en guerras o atentados terroristas es siempre moralmente reprobable. La ense\u00f1anza cat\u00f3lica tambi\u00e9n nos insta a trabajar para evitar la guerra. Las naciones deben proteger el derecho a la vida buscando formas cada vez m\u00e1s eficaces de prevenir los conflictos y resolverlos por medios pac\u00edficos. Creemos que toda persona es valiosa, que las personas son m\u00e1s importantes que las cosas y que la medida de toda instituci\u00f3n reside en si amenaza o promueve la vida y la dignidad de la persona humana.<\/p>\n<\/details>\n\n<details class=\"wp-block-details is-layout-flow wp-block-details-is-layout-flow\"><summary><strong>Llamado a la familia, la comunidad y la participaci\u00f3n<\/strong><\/summary>\n<p class=\"wp-block-paragraph\">La persona no es solo sagrada, sino tambi\u00e9n social. La forma en que organizamos nuestra sociedad \u2014en la econom\u00eda y la pol\u00edtica, en el derecho y las pol\u00edticas p\u00fablicas\u2014 afecta directamente a la dignidad humana y a la capacidad de los individuos para desarrollarse en comunidad. El matrimonio y la familia son las instituciones sociales centrales que deben ser apoyadas y fortalecidas, no socavadas. Creemos que las personas tienen el derecho y el deber de participar en la sociedad, buscando conjuntamente el bien com\u00fan y el bienestar de todos, especialmente de los pobres y vulnerables.<\/p>\n<\/details>\n\n<details class=\"wp-block-details is-layout-flow wp-block-details-is-layout-flow\"><summary><strong>Derechos y responsabilidades<\/strong><\/summary>\n<p class=\"wp-block-paragraph\">La tradici\u00f3n cat\u00f3lica ense\u00f1a que la dignidad humana puede protegerse, y que una comunidad sana puede lograrse, \u00fanicamente si se protegen los derechos humanos y se cumplen las responsabilidades. Por consiguiente, toda persona tiene un derecho fundamental a la vida y derecho a aquellas cosas necesarias para una vida digna. A estos derechos corresponden deberes y responsabilidades: hacia los dem\u00e1s, hacia nuestras familias y hacia la sociedad en su conjunto.<\/p>\n<\/details>\n\n<details class=\"wp-block-details is-layout-flow wp-block-details-is-layout-flow\"><summary><strong>Opci\u00f3n por los pobres y vulnerables<\/strong><\/summary>\n<p class=\"wp-block-paragraph\">Una prueba moral fundamental es c\u00f3mo les va a nuestros miembros m\u00e1s vulnerables. En una sociedad marcada por divisiones cada vez m\u00e1s profundas entre ricos y pobres, nuestra tradici\u00f3n evoca el relato del Juicio Final (Mt 25:31-46) y nos instruye a poner las necesidades de los pobres y vulnerables en primer lugar.<\/p>\n<\/details>\n\n<details class=\"wp-block-details is-layout-flow wp-block-details-is-layout-flow\"><summary><strong>La dignidad del trabajo y los derechos de los trabajadores<\/strong><\/summary>\n<p class=\"wp-block-paragraph\">La econom\u00eda debe estar al servicio de las personas, y no a la inversa. El trabajo es m\u00e1s que un medio para ganarse la vida; es una forma de participaci\u00f3n continua en la creaci\u00f3n de Dios. Si se ha de proteger la dignidad del trabajo, entonces deben respetarse los derechos fundamentales de los trabajadores: el derecho a un trabajo productivo, a salarios dignos y justos, a la organizaci\u00f3n y afiliaci\u00f3n sindical, a la propiedad privada y a la iniciativa econ\u00f3mica.<\/p>\n<\/details>\n\n<details class=\"wp-block-details is-layout-flow wp-block-details-is-layout-flow\"><summary><strong>Solidaridad<\/strong><\/summary>\n<p class=\"wp-block-paragraph\">Somos una sola familia humana, cualesquiera que sean nuestras diferencias nacionales, raciales, \u00e9tnicas, econ\u00f3micas e ideol\u00f3gicas. Somos custodios de nuestros hermanos, dondequiera que se encuentren. Amar al pr\u00f3jimo tiene dimensiones globales en un mundo cada vez m\u00e1s interconectado. En el n\u00facleo de la virtud de la solidaridad se halla la b\u00fasqueda de la justicia y la paz. El Papa Pablo VI ense\u00f1\u00f3 que \u00absi quieres la paz, trabaja por la justicia\u00bb. El Evangelio nos llama a ser art\u00edfices de la paz. Nuestro amor por todos nuestros hermanos exige que promovamos la paz en un mundo asediado por la violencia y el conflicto.<\/p>\n<\/details>\n\n<details class=\"wp-block-details is-layout-flow wp-block-details-is-layout-flow\"><summary><strong>El cuidado de la creaci\u00f3n de Dios<\/strong><\/summary>\n<p class=\"wp-block-paragraph\">Mostramos nuestro respeto por el Creador mediante nuestra administraci\u00f3n de la creaci\u00f3n. El cuidado de la Tierra no es solo un lema del D\u00eda de la Tierra; es un requisito de nuestra fe. Estamos llamados a proteger a las personas y al planeta, viviendo nuestra fe en relaci\u00f3n con toda la creaci\u00f3n de Dios. Este desaf\u00edo medioambiental posee dimensiones morales y \u00e9ticas fundamentales que no pueden ser ignoradas.<\/p>\n<\/details>\n","protected":false},"excerpt":{"rendered":"<p>La Conferencia Cat\u00f3lica de Georgia adopta posturas de pol\u00edtica p\u00fablica sobre acciones legislativas seleccionadas, bajo la direcci\u00f3n de los obispos cat\u00f3licos de Georgia. Las actividades de la Conferencia se fundamentan en las ense\u00f1anzas cat\u00f3licas \u2014particularmente en la doctrina social cat\u00f3lica\u2014 y en la protecci\u00f3n del car\u00e1cter cat\u00f3lico de los ministerios e instituciones de la Iglesia. &#8230; <a title=\"Doctrina social cat\u00f3lica\" class=\"read-more\" href=\"https:\/\/georgiacc.org\/es\/doctrina-social-catolica\/\" aria-label=\"Leer m\u00e1s sobre Doctrina social cat\u00f3lica\">Leer m\u00e1s<\/a><\/p>\n","protected":false},"author":4,"featured_media":0,"parent":0,"menu_order":3,"comment_status":"closed","ping_status":"closed","template":"","meta":{"_acf_changed":false,"_crdt_document":"","iawp_total_views":3,"footnotes":""},"class_list":["post-9737","page","type-page","status-publish"],"acf":[],"publishpress_future_workflow_manual_trigger":{"enabledWorkflows":[]},"_links":{"self":[{"href":"https:\/\/georgiacc.org\/es\/wp-json\/wp\/v2\/pages\/9737","targetHints":{"allow":["GET"]}}],"collection":[{"href":"https:\/\/georgiacc.org\/es\/wp-json\/wp\/v2\/pages"}],"about":[{"href":"https:\/\/georgiacc.org\/es\/wp-json\/wp\/v2\/types\/page"}],"author":[{"embeddable":true,"href":"https:\/\/georgiacc.org\/es\/wp-json\/wp\/v2\/users\/4"}],"replies":[{"embeddable":true,"href":"https:\/\/georgiacc.org\/es\/wp-json\/wp\/v2\/comments?post=9737"}],"version-history":[{"count":1,"href":"https:\/\/georgiacc.org\/es\/wp-json\/wp\/v2\/pages\/9737\/revisions"}],"predecessor-version":[{"id":9738,"href":"https:\/\/georgiacc.org\/es\/wp-json\/wp\/v2\/pages\/9737\/revisions\/9738"}],"wp:attachment":[{"href":"https:\/\/georgiacc.org\/es\/wp-json\/wp\/v2\/media?parent=9737"}],"curies":[{"name":"wp","href":"https:\/\/api.w.org\/{rel}","templated":true}]}}