{"id":9769,"date":"2026-03-31T12:42:07","date_gmt":"2026-03-31T16:42:07","guid":{"rendered":"https:\/\/georgiacc.org\/ciudadania-fiel\/"},"modified":"2026-03-31T12:42:07","modified_gmt":"2026-03-31T16:42:07","slug":"ciudadania-fiel","status":"publish","type":"page","link":"https:\/\/georgiacc.org\/es\/ciudadania-fiel\/","title":{"rendered":"Ciudadan\u00eda Fiel"},"content":{"rendered":"\n<blockquote class=\"wp-block-quote is-layout-flow wp-block-quote-is-layout-flow\">\n<p class=\"has-text-align-left wp-block-paragraph\"><strong>\u00abEn la tradici\u00f3n cat\u00f3lica, la ciudadan\u00eda responsable es una virtud, y la participaci\u00f3n en la vida pol\u00edtica es una obligaci\u00f3n moral\u00bb.<\/strong><br\/><br\/>&#8211; Obispos de los Estados Unidos, <em>Formando las conciencias para una ciudadan\u00eda fiel<\/em><\/p>\n<\/blockquote>\n\n<p class=\"wp-block-paragraph\">Los cat\u00f3licos, a t\u00edtulo individual, no solo son animados, sino que tienen la obligaci\u00f3n moral de involucrarse en la vida social y pol\u00edtica de la comunidad. Adem\u00e1s, se nos exhorta a todos a hacerlo tras un proceso de estudio, oraci\u00f3n y reflexi\u00f3n. Un buen punto de partida es la lectura del documento de la Conferencia de Obispos Cat\u00f3licos de los Estados Unidos titulado <em>Formando la conciencia para una ciudadan\u00eda fiel<\/em>, el cual ofrece orientaciones sobre c\u00f3mo abordar la pol\u00edtica.<\/p>\n<div class=\"gb-container gb-container-f786c5cf\">\n\n<a class=\"gb-button gb-button-d2494b1d gb-button-text\" href=\"https:\/\/www.usccb.org\/es\/node\/32\/formando-la-conciencia-para-ser-ciudadanos-fieles\" target=\"_blank\" rel=\"noopener noreferrer\">Formando la conciencia para ser ciudadanos fieles<\/a>\n\n<\/div>\n<div style=\"height:22px\" aria-hidden=\"true\" class=\"wp-block-spacer\"><\/div>\n\n<h3 class=\"gb-headline gb-headline-7948e2c8 gb-headline-text\"><strong>Conversando civilizadamentet<\/strong><\/h3><br>\n\n<p class=\"wp-block-paragraph\">Quiz\u00e1s tambi\u00e9n desee unirse a Civilize It, una iniciativa para contrarrestar la polarizaci\u00f3n en la pol\u00edtica actual. Puede leer m\u00e1s y unirse a la iniciativa aqu\u00ed: <a href=\"https:\/\/www.usccb.org\/es\/civilizeit\" target=\"_blank\" rel=\"noopener\">Un mejor tipo de pol\u00edtica | Conversando civilizadamente | USCCB<\/a><\/p>\n\n<hr class=\"wp-block-separator has-alpha-channel-opacity\"\/>\n\n<p class=\"wp-block-paragraph\">Las organizaciones cat\u00f3licas pueden \u2014y, de hecho, se les anima a\u2014 participar en el proceso pol\u00edtico. Una entidad cat\u00f3lica tiene permitido abordar la importancia de la participaci\u00f3n c\u00edvica, as\u00ed como el impacto que diversas cuestiones tienen en la comunidad y en el bien com\u00fan; no obstante, esto debe realizarse dentro del marco de una organizaci\u00f3n 501(c)(3) que re\u00fana los requisitos para gozar de exenci\u00f3n fiscal conforme al C\u00f3digo de Rentas Internas. Puede descargar este folleto para consultar las pautas sobre la participaci\u00f3n pol\u00edtica adecuada.<\/p>\n\n<ul class=\"wp-block-list\">\n<li><a href=\"https:\/\/archatl.com\/wp-content\/uploads\/2024\/08\/electionguide_eng_20240805.pdf\" target=\"_blank\" rel=\"noreferrer noopener\">PDF: 2024 ELECTION YEAR GUIDELINES for Catholic Parishes and Organizations ENGLISH<\/a><\/li>\n\n\n\n<li><a href=\"https:\/\/archatl.com\/wp-content\/uploads\/2024\/08\/electionguide_spn_20240805.pdf\" target=\"_blank\" rel=\"noreferrer noopener\">PDF: DIRECTRICES PARA EL A\u00d1O DE ELECCIONES 2024 para parroquias y organizaciones cat\u00f3licas\u00a0ESPA\u00d1OL<\/a><\/li>\n<\/ul>\n","protected":false},"excerpt":{"rendered":"<p>\u00abEn la tradici\u00f3n cat\u00f3lica, la ciudadan\u00eda responsable es una virtud, y la participaci\u00f3n en la vida pol\u00edtica es una obligaci\u00f3n moral\u00bb. &#8211; Obispos de los Estados Unidos, Formando las conciencias para una ciudadan\u00eda fiel Los cat\u00f3licos, a t\u00edtulo individual, no solo son animados, sino que tienen la obligaci\u00f3n moral de involucrarse en la vida social &#8230; <a title=\"Ciudadan\u00eda Fiel\" class=\"read-more\" href=\"https:\/\/georgiacc.org\/es\/ciudadania-fiel\/\" aria-label=\"Leer m\u00e1s sobre Ciudadan\u00eda Fiel\">Leer m\u00e1s<\/a><\/p>\n","protected":false},"author":4,"featured_media":0,"parent":0,"menu_order":0,"comment_status":"closed","ping_status":"closed","template":"","meta":{"_acf_changed":false,"_crdt_document":"","iawp_total_views":1,"footnotes":""},"class_list":["post-9769","page","type-page","status-publish"],"acf":[],"publishpress_future_workflow_manual_trigger":{"enabledWorkflows":[]},"_links":{"self":[{"href":"https:\/\/georgiacc.org\/es\/wp-json\/wp\/v2\/pages\/9769","targetHints":{"allow":["GET"]}}],"collection":[{"href":"https:\/\/georgiacc.org\/es\/wp-json\/wp\/v2\/pages"}],"about":[{"href":"https:\/\/georgiacc.org\/es\/wp-json\/wp\/v2\/types\/page"}],"author":[{"embeddable":true,"href":"https:\/\/georgiacc.org\/es\/wp-json\/wp\/v2\/users\/4"}],"replies":[{"embeddable":true,"href":"https:\/\/georgiacc.org\/es\/wp-json\/wp\/v2\/comments?post=9769"}],"version-history":[{"count":2,"href":"https:\/\/georgiacc.org\/es\/wp-json\/wp\/v2\/pages\/9769\/revisions"}],"predecessor-version":[{"id":9771,"href":"https:\/\/georgiacc.org\/es\/wp-json\/wp\/v2\/pages\/9769\/revisions\/9771"}],"wp:attachment":[{"href":"https:\/\/georgiacc.org\/es\/wp-json\/wp\/v2\/media?parent=9769"}],"curies":[{"name":"wp","href":"https:\/\/api.w.org\/{rel}","templated":true}]}}