{"id":9773,"date":"2026-03-31T13:29:24","date_gmt":"2026-03-31T17:29:24","guid":{"rendered":"https:\/\/georgiacc.org\/legislacion-de-georgia\/"},"modified":"2026-05-04T12:07:43","modified_gmt":"2026-05-04T16:07:43","slug":"legislacion-de-georgia","status":"publish","type":"page","link":"https:\/\/georgiacc.org\/es\/legislacion-de-georgia\/","title":{"rendered":"Noticias"},"content":{"rendered":"\n<p class=\"wp-block-paragraph\"><\/p>\n\n<section class=\"wp-block-query is-layout-flow wp-block-query-is-layout-flow\">\n<div class=\"wp-block-group has-blue-color has-white-background-color has-text-color has-background\"><div class=\"wp-block-group__inner-container is-layout-flow wp-block-group-is-layout-flow\"><ul class=\"columns-2 aligncenter wp-block-post-template is-layout-grid wp-container-core-post-template-is-layout-28b052f3 wp-block-post-template-is-layout-grid\"><li class=\"wp-block-post post-9936 post type-post status-publish format-standard hentry category-legislacion-de-georgia-es category-noticias-es tag-ciudadania-fiel tag-votacion masonry-post generate-columns tablet-grid-50 mobile-grid-100 grid-parent grid-50\">\n<h2 class=\"wp-block-post-title has-text-color has-blue-color\"><a href=\"https:\/\/georgiacc.org\/es\/2026\/05\/obispos-de-georgia-instan-a-la-participacion-en-la-vida-politica\/\" target=\"_self\" >Obispos de Georgia instan a la participaci\u00f3n en la vida pol\u00edtica<\/a><\/h2>\n\n<div class=\"wp-block-post-date\"><time datetime=\"2026-05-04T17:29:24-04:00\">4 de mayo de 2026<\/time><\/div>\n\n<div class=\"wp-block-post-excerpt has-text-color has-dark-gray-color\"><p class=\"wp-block-post-excerpt__excerpt\">Con la votaci\u00f3n anticipada en las primarias para las elecciones de medio t\u00e9rmino de 2026 en marcha, los obispos de Georgia han emitido un comunicado instando a los cat\u00f3licos de Georgia a participar de manera consciente en el proceso pol\u00edtico.<\/p><p class=\"wp-block-post-excerpt__more-text\"><a class=\"wp-block-post-excerpt__more-link\" href=\"https:\/\/georgiacc.org\/es\/2026\/05\/obispos-de-georgia-instan-a-la-participacion-en-la-vida-politica\/\">Lea m\u00e1s<\/a><\/p><\/div>\n\n\n<hr class=\"wp-block-separator has-css-opacity\"\/>\n\n<\/li><li class=\"wp-block-post post-8566 post type-post status-publish format-standard hentry category-legislacion-de-georgia-es category-noticias-es tag-reporte tag-justicia-restaurativa tag-libertad-religiosa tag-pena-de-muerte tag-regulacion-de-armas-de-fuego masonry-post generate-columns tablet-grid-50 mobile-grid-100 grid-parent grid-50\">\n<h2 class=\"wp-block-post-title has-text-color has-blue-color\"><a href=\"https:\/\/georgiacc.org\/es\/2025\/02\/informe-legislativo-6-de-febrero-de-2025\/\" target=\"_self\" >Informe legislativo, 6 de febrero de 2025<\/a><\/h2>\n\n<div class=\"wp-block-post-date\"><time datetime=\"2025-02-20T15:56:56-05:00\">20 de febrero de 2025<\/time><\/div>\n\n<div class=\"wp-block-post-excerpt has-text-color has-dark-gray-color\"><p class=\"wp-block-post-excerpt__excerpt\">Despu\u00e9s de las ceremonias preliminares habituales y la introducci\u00f3n de nuevos miembros, se introdujeron varios proyectos de ley de inter\u00e9s en la Asamblea General. Pr\u00f3ximamente habr\u00e1 proyectos de ley adicionales. Proyecto de ley SB1. La \u201cLey de Oportunidades Deportivas Justas y Seguras\u201d del Senador Dolezal con el apoyo activo del Vicegobernador aborda el problema de&hellip;<\/p><p class=\"wp-block-post-excerpt__more-text\"><a class=\"wp-block-post-excerpt__more-link\" href=\"https:\/\/georgiacc.org\/es\/2025\/02\/informe-legislativo-6-de-febrero-de-2025\/\">Lea m\u00e1s<\/a><\/p><\/div>\n\n\n<hr class=\"wp-block-separator has-css-opacity\"\/>\n\n<\/li><\/ul><\/div><\/div>\n<\/section>\n\n<div class=\"wp-block-query is-layout-flow wp-block-query-is-layout-flow\"><\/div>\n","protected":false},"excerpt":{"rendered":"","protected":false},"author":5,"featured_media":0,"parent":0,"menu_order":0,"comment_status":"closed","ping_status":"open","template":"","meta":{"_acf_changed":false,"_crdt_document":"","iawp_total_views":3,"footnotes":""},"class_list":["post-9773","page","type-page","status-publish"],"acf":[],"publishpress_future_workflow_manual_trigger":{"enabledWorkflows":[]},"_links":{"self":[{"href":"https:\/\/georgiacc.org\/es\/wp-json\/wp\/v2\/pages\/9773","targetHints":{"allow":["GET"]}}],"collection":[{"href":"https:\/\/georgiacc.org\/es\/wp-json\/wp\/v2\/pages"}],"about":[{"href":"https:\/\/georgiacc.org\/es\/wp-json\/wp\/v2\/types\/page"}],"author":[{"embeddable":true,"href":"https:\/\/georgiacc.org\/es\/wp-json\/wp\/v2\/users\/5"}],"replies":[{"embeddable":true,"href":"https:\/\/georgiacc.org\/es\/wp-json\/wp\/v2\/comments?post=9773"}],"version-history":[{"count":5,"href":"https:\/\/georgiacc.org\/es\/wp-json\/wp\/v2\/pages\/9773\/revisions"}],"predecessor-version":[{"id":9910,"href":"https:\/\/georgiacc.org\/es\/wp-json\/wp\/v2\/pages\/9773\/revisions\/9910"}],"wp:attachment":[{"href":"https:\/\/georgiacc.org\/es\/wp-json\/wp\/v2\/media?parent=9773"}],"curies":[{"name":"wp","href":"https:\/\/api.w.org\/{rel}","templated":true}]}}